{"id":123,"date":"2014-08-30T09:59:04","date_gmt":"2014-08-30T09:59:04","guid":{"rendered":"http:\/\/caials.blog.pangea.org\/?page_id=123"},"modified":"2019-05-09T17:52:11","modified_gmt":"2019-05-09T17:52:11","slug":"experiencia","status":"publish","type":"page","link":"https:\/\/caials.blog.pangea.org\/en\/","title":{"rendered":"Experience"},"content":{"rendered":"<p class=\"qtranxs-available-languages-message qtranxs-available-languages-message-en\">Sorry, this entry is only available in <a href=\"https:\/\/caials.blog.pangea.org\/ca\/wp-json\/wp\/v2\/pages\/123\" class=\"qtranxs-available-language-link qtranxs-available-language-link-ca\" title=\"Catal\u00e0\">Catal\u00e0<\/a>.<\/p>","protected":false},"excerpt":{"rendered":"<p>Sorry, this entry is only available in Catal\u00e0.<\/p>\n","protected":false},"author":2457,"featured_media":137,"parent":0,"menu_order":0,"comment_status":"open","ping_status":"open","template":"","meta":{"jetpack_post_was_ever_published":false,"footnotes":""},"class_list":["post-123","page","type-page","status-publish","has-post-thumbnail","hentry"],"jetpack_shortlink":"https:\/\/wp.me\/P4TQKH-1Z","jetpack_sharing_enabled":true,"jetpack-related-posts":[{"id":56,"url":"https:\/\/caials.blog.pangea.org\/en\/perque-caials\/","url_meta":{"origin":123,"position":0},"title":"Why Caials","author":"caials","date":"Wednesday August  6th, 2014","format":false,"excerpt":"Institucions, empreses i entitats es mouen, cada cop m\u00e9s, en un context canviant i flexible. La crisi global que vivim afecta les possibilitats d'acc\u00e9s als recursos humans i econ\u00f2mics (tamb\u00e9 la seva disponibilitat i cost) i l'organitzaci\u00f3 laboral. La crisi, per\u00f2, tamb\u00e9 pot ser una oportunitat per a transformar i\u2026","rel":"","context":"Similar post","block_context":{"text":"Similar post","link":""},"img":{"alt_text":"GeorgeSpiva_diversityMask2","src":"https:\/\/i0.wp.com\/caials.blog.pangea.org\/files\/2014\/08\/GeorgeSpiva_diversityMask2.jpg?resize=350%2C200","width":350,"height":200,"srcset":"https:\/\/i0.wp.com\/caials.blog.pangea.org\/files\/2014\/08\/GeorgeSpiva_diversityMask2.jpg?resize=350%2C200 1x, https:\/\/i0.wp.com\/caials.blog.pangea.org\/files\/2014\/08\/GeorgeSpiva_diversityMask2.jpg?resize=525%2C300 1.5x"},"classes":[]},{"id":72,"url":"https:\/\/caials.blog.pangea.org\/en\/contacte\/","url_meta":{"origin":123,"position":1},"title":"Contact","author":"caials","date":"Thursday August 28th, 2014","format":false,"excerpt":"\u00a0","rel":"","context":"Similar post","block_context":{"text":"Similar post","link":""},"img":{"alt_text":"Logo1200_dades_senseTelf","src":"https:\/\/i0.wp.com\/caials.blog.pangea.org\/files\/2014\/08\/Logo1200_dades_senseTelf-300x239.png?resize=350%2C200","width":350,"height":200},"classes":[]},{"id":2,"url":"https:\/\/caials.blog.pangea.org\/en\/caials\/","url_meta":{"origin":123,"position":2},"title":"Services","author":"caials","date":"Wednesday June 11th, 2014","format":false,"excerpt":"Suport a organitzacions i professionals L'equitat com a centre de la mirada, tamb\u00e9 en l'\u00e0mbit professional Caials ofereix serveis personalitzats per al desenvolupament de projectes, adaptats a les teves necessitats. Es tracta de serveis a professionals, associacions, empreses i institucions,\u00a0marcats per una perspectiva i una manera de fer que intenta,\u2026","rel":"","context":"Similar post","block_context":{"text":"Similar post","link":""},"img":{"alt_text":"","src":"https:\/\/i0.wp.com\/caials.blog.pangea.org\/files\/2014\/08\/Diversity_unique.jpg?fit=640%2C640&ssl=1&resize=350%2C200","width":350,"height":200,"srcset":"https:\/\/i0.wp.com\/caials.blog.pangea.org\/files\/2014\/08\/Diversity_unique.jpg?fit=640%2C640&ssl=1&resize=350%2C200 1x, https:\/\/i0.wp.com\/caials.blog.pangea.org\/files\/2014\/08\/Diversity_unique.jpg?fit=640%2C640&ssl=1&resize=525%2C300 1.5x"},"classes":[]}],"_links":{"self":[{"href":"https:\/\/caials.blog.pangea.org\/en\/wp-json\/wp\/v2\/pages\/123","targetHints":{"allow":["GET"]}}],"collection":[{"href":"https:\/\/caials.blog.pangea.org\/en\/wp-json\/wp\/v2\/pages"}],"about":[{"href":"https:\/\/caials.blog.pangea.org\/en\/wp-json\/wp\/v2\/types\/page"}],"author":[{"embeddable":true,"href":"https:\/\/caials.blog.pangea.org\/en\/wp-json\/wp\/v2\/users\/2457"}],"replies":[{"embeddable":true,"href":"https:\/\/caials.blog.pangea.org\/en\/wp-json\/wp\/v2\/comments?post=123"}],"version-history":[{"count":38,"href":"https:\/\/caials.blog.pangea.org\/en\/wp-json\/wp\/v2\/pages\/123\/revisions"}],"predecessor-version":[{"id":608,"href":"https:\/\/caials.blog.pangea.org\/en\/wp-json\/wp\/v2\/pages\/123\/revisions\/608"}],"wp:featuredmedia":[{"embeddable":true,"href":"https:\/\/caials.blog.pangea.org\/en\/wp-json\/wp\/v2\/media\/137"}],"wp:attachment":[{"href":"https:\/\/caials.blog.pangea.org\/en\/wp-json\/wp\/v2\/media?parent=123"}],"curies":[{"name":"wp","href":"https:\/\/api.w.org\/{rel}","templated":true}]}}