{"id":2,"date":"2014-06-11T09:09:37","date_gmt":"2014-06-11T09:09:37","guid":{"rendered":"http:\/\/caials.blog.pangea.org\/?page_id=2"},"modified":"2014-09-25T12:07:01","modified_gmt":"2014-09-25T12:07:01","slug":"caials","status":"publish","type":"page","link":"https:\/\/caials.blog.pangea.org\/es\/caials\/","title":{"rendered":"Servicios"},"content":{"rendered":"<p><\/p>\n<blockquote>\n<p class=\"mhl\" style=\"text-align: left\">Apoyo a organizaciones y profesionales<\/p>\n<p class=\"mhl\" style=\"text-align: left\">La equidad como centro de la mirada, tambi\u00e9n en el \u00e1mbito profesional<\/p>\n<p class=\"mhl\" style=\"text-align: left\">\n<\/blockquote>\n<div class=\"mhl\" style=\"color: #333333;text-align: left\"><img data-recalc-dims=\"1\" loading=\"lazy\" decoding=\"async\" data-attachment-id=\"52\" data-permalink=\"https:\/\/caials.blog.pangea.org\/es\/caials\/gerorgespiva_diversitymask\/\" data-orig-file=\"https:\/\/i0.wp.com\/caials.blog.pangea.org\/files\/2014\/06\/GerorgeSpiva_diversitymask.jpg?fit=640%2C427&amp;ssl=1\" data-orig-size=\"640,427\" data-comments-opened=\"1\" data-image-meta=\"{&quot;aperture&quot;:&quot;0&quot;,&quot;credit&quot;:&quot;&quot;,&quot;camera&quot;:&quot;&quot;,&quot;caption&quot;:&quot;&quot;,&quot;created_timestamp&quot;:&quot;0&quot;,&quot;copyright&quot;:&quot;&quot;,&quot;focal_length&quot;:&quot;0&quot;,&quot;iso&quot;:&quot;0&quot;,&quot;shutter_speed&quot;:&quot;0&quot;,&quot;title&quot;:&quot;&quot;}\" data-image-title=\"GerorgeSpiva_diversitymask\" data-image-description=\"\" data-image-caption=\"\" data-medium-file=\"https:\/\/i0.wp.com\/caials.blog.pangea.org\/files\/2014\/06\/GerorgeSpiva_diversitymask.jpg?fit=300%2C200&amp;ssl=1\" data-large-file=\"https:\/\/i0.wp.com\/caials.blog.pangea.org\/files\/2014\/06\/GerorgeSpiva_diversitymask.jpg?fit=530%2C354&amp;ssl=1\" class=\"alignleft wp-image-52 \" src=\"https:\/\/i0.wp.com\/caials.blog.pangea.org\/files\/2014\/06\/GerorgeSpiva_diversitymask-300x200.jpg?resize=324%2C220\" alt=\"GerorgeSpiva_diversitymask\" width=\"324\" height=\"220\" \/><\/div>\n<div class=\"mhl\" style=\"color: #333333;text-align: left\"><span style=\"color: #ff6600\"><strong>Caials<\/strong><\/span> ofrece servicios personalizados para el desarrollo de proyectos, adaptados a tus necesidades.<\/div>\n<p style=\"text-align: left\">Se trata de servicios a profesionales, asociaciones, empresas e instituciones,\u00a0marcados por una perspectiva y una manera de hacer que intenta, siempre, aplicar los <strong>valores y las pr\u00e1cticas de la equidad entre las personas<\/strong>, para construir, en nuestro d\u00eda a d\u00eda como personas, como profesionales y como organizaciones, un mundo m\u00e1s justo y sostenible.<\/p>\n<h5 style=\"text-align: left\"><strong><span style=\"color: #ff6600\">\u00bfCu\u00e1les son estos servicios?<\/span><\/strong><\/h5>\n<table border=\"0\" width=\"100%\" cellspacing=\"5\">\n<tbody>\n<tr>\n<td align=\"LEFT\" valign=\"MIDDLE\" width=\"110\" height=\"141\"><span style=\"font-size: small\">Coordinaci\u00f3n<\/span><\/p>\n<p>Organizaci\u00f3n<\/p>\n<p>Dinamizaci\u00f3n<\/p>\n<p>Comunicaci\u00f3n<\/p>\n<p>Gesti\u00f3n<\/p>\n<p>Seguimiento<\/p>\n<p>Asesoramiento<\/td>\n<td align=\"CENTER\" valign=\"MIDDLE\" width=\"60\"><span style=\"font-size: small\">para<\/span><\/td>\n<td align=\"LEFT\" valign=\"MIDDLE\"><span style=\"font-size: small\">Eventos, jornadas, congresos, actividades, festivales, etc.<\/span><\/p>\n<p>Equipamientos c\u00edvicos y culturales<\/p>\n<p>Funcionamiento de entidades<\/p>\n<p>Redacci\u00f3n de proyectos y memorias<\/p>\n<p>Procesos participativos<\/p>\n<p>Procesos de negociaci\u00f3n<\/p>\n<p>&nbsp;<\/td>\n<\/tr>\n<tr>\n<td align=\"LEFT\" valign=\"MIDDLE\" height=\"101\"><span style=\"font-size: small\">Elaboraci\u00f3n y coordinaci\u00f3n de contenidos <\/span><\/td>\n<td align=\"LEFT\" valign=\"MIDDLE\"><span style=\"font-size: small\">para<\/span><\/td>\n<td align=\"LEFT\" valign=\"MIDDLE\"><span style=\"font-size: small\">Eventos<\/span><\/p>\n<p>Publicaciones, exposiciones<\/p>\n<p>P\u00e1ginas web y redes sociales<\/p>\n<p>Art\u00edculos, posts<\/p>\n<p>Charlas<\/td>\n<\/tr>\n<tr>\n<td align=\"LEFT\" valign=\"MIDDLE\" height=\"42\"><span style=\"font-size: small\">Investigaci\u00f3n y formaci\u00f3n<\/span><\/td>\n<td align=\"LEFT\" valign=\"MIDDLE\"><span style=\"font-size: small\">\u00a0<\/span><\/td>\n<td align=\"LEFT\" valign=\"MIDDLE\"><span style=\"font-size: small\">Especialidad en equidad, participaci\u00f3n y an\u00e1lisis desde la perspectiva feminista.<\/span><\/td>\n<\/tr>\n<\/tbody>\n<\/table>\n<h5 style=\"text-align: left\"><strong><span style=\"color: #ff6600\"><img data-recalc-dims=\"1\" loading=\"lazy\" decoding=\"async\" data-attachment-id=\"188\" data-permalink=\"https:\/\/caials.blog.pangea.org\/es\/caials\/1201_tallerelfutur_2\/\" data-orig-file=\"https:\/\/i0.wp.com\/caials.blog.pangea.org\/files\/2014\/06\/1201_TallerElFutur_2.png?fit=272%2C426&amp;ssl=1\" data-orig-size=\"272,426\" data-comments-opened=\"1\" data-image-meta=\"{&quot;aperture&quot;:&quot;0&quot;,&quot;credit&quot;:&quot;&quot;,&quot;camera&quot;:&quot;&quot;,&quot;caption&quot;:&quot;&quot;,&quot;created_timestamp&quot;:&quot;0&quot;,&quot;copyright&quot;:&quot;&quot;,&quot;focal_length&quot;:&quot;0&quot;,&quot;iso&quot;:&quot;0&quot;,&quot;shutter_speed&quot;:&quot;0&quot;,&quot;title&quot;:&quot;&quot;}\" data-image-title=\"1201_TallerElFutur_2\" data-image-description=\"\" data-image-caption=\"\" data-medium-file=\"https:\/\/i0.wp.com\/caials.blog.pangea.org\/files\/2014\/06\/1201_TallerElFutur_2.png?fit=191%2C300&amp;ssl=1\" data-large-file=\"https:\/\/i0.wp.com\/caials.blog.pangea.org\/files\/2014\/06\/1201_TallerElFutur_2.png?fit=272%2C426&amp;ssl=1\" class=\"alignleft wp-image-188 size-medium\" src=\"https:\/\/i0.wp.com\/caials.blog.pangea.org\/files\/2014\/06\/1201_TallerElFutur_2-191x300.png?resize=191%2C300\" alt=\"1201_TallerElFutur_2\" width=\"191\" height=\"300\" srcset=\"https:\/\/i0.wp.com\/caials.blog.pangea.org\/files\/2014\/06\/1201_TallerElFutur_2.png?resize=191%2C300&amp;ssl=1 191w, https:\/\/i0.wp.com\/caials.blog.pangea.org\/files\/2014\/06\/1201_TallerElFutur_2.png?w=272&amp;ssl=1 272w\" sizes=\"auto, (max-width: 191px) 100vw, 191px\" \/>\u00bfTodo \u00e9sto, una sola persona?<\/span><\/strong><\/h5>\n<p style=\"text-align: left\">No exactamente. La experiencia de la actual socia permite una mirada amplia y flexible. Pero para aquellos proyectos que lo requieran ya sea por su alcance, por que \u00e9sta experiencia debe ser complementada, o simplemente por deseo de quien realiza el encargo, es posible la colaboraci\u00f3n con otras personas, como el equipo de <a href=\"http:\/\/www.invenies.eu\">Invenies<\/a>.<\/p>\n<p style=\"text-align: left\">Fotos: <a href=\"https:\/\/www.flickr.com\/photos\/spivaartworkers\/\" target=\"_blank\">George A. Spiva Center for the Arts<\/a>\u00a0| Mariona ChD<\/p>\n<p><\/p>","protected":false},"excerpt":{"rendered":"<p>Apoyo a organizaciones y profesionales La equidad como centro de la mirada, tambi\u00e9n en el \u00e1mbito profesional Caials ofrece servicios personalizados para el desarrollo de proyectos, adaptados a tus necesidades. Se trata de servicios a profesionales, asociaciones, empresas e instituciones,\u00a0marcados <a class=\"more-link\" href=\"https:\/\/caials.blog.pangea.org\/es\/caials\/\">Seguir leyendo <span class=\"screen-reader-text\">  Servicios<\/span><span class=\"meta-nav\">&rarr;<\/span><\/a><\/p>\n","protected":false},"author":2457,"featured_media":61,"parent":0,"menu_order":0,"comment_status":"open","ping_status":"open","template":"","meta":{"jetpack_post_was_ever_published":false,"footnotes":""},"class_list":["post-2","page","type-page","status-publish","has-post-thumbnail","hentry"],"jetpack_shortlink":"https:\/\/wp.me\/P4TQKH-2","jetpack_sharing_enabled":true,"jetpack-related-posts":[{"id":123,"url":"https:\/\/caials.blog.pangea.org\/es\/","url_meta":{"origin":2,"position":0},"title":"Experiencia","author":"caials","date":"30 de agosto de 2014","format":false,"excerpt":"Disculpa, pero esta entrada est\u00e1 disponible s\u00f3lo en Catal\u00e0.","rel":"","context":"Con 2 comentarios","block_context":{"text":"Con 2 comentarios","link":"https:\/\/caials.blog.pangea.org\/es\/#comments"},"img":{"alt_text":"Taula Rodona Entrepobles","src":"https:\/\/i0.wp.com\/caials.blog.pangea.org\/files\/2014\/08\/FotoaEntrepobles2013_2.jpg?resize=350%2C200","width":350,"height":200},"classes":[]},{"id":56,"url":"https:\/\/caials.blog.pangea.org\/es\/perque-caials\/","url_meta":{"origin":2,"position":1},"title":"Por qu\u00e9 Caials","author":"caials","date":"06 de agosto de 2014","format":false,"excerpt":"Institucions, empreses i entitats es mouen, cada cop m\u00e9s, en un context canviant i flexible. La crisi global que vivim afecta les possibilitats d'acc\u00e9s als recursos humans i econ\u00f2mics (tamb\u00e9 la seva disponibilitat i cost) i l'organitzaci\u00f3 laboral. La crisi, per\u00f2, tamb\u00e9 pot ser una oportunitat per a transformar i\u2026","rel":"","context":"Entrada similar","block_context":{"text":"Entrada similar","link":""},"img":{"alt_text":"GeorgeSpiva_diversityMask2","src":"https:\/\/i0.wp.com\/caials.blog.pangea.org\/files\/2014\/08\/GeorgeSpiva_diversityMask2.jpg?resize=350%2C200","width":350,"height":200,"srcset":"https:\/\/i0.wp.com\/caials.blog.pangea.org\/files\/2014\/08\/GeorgeSpiva_diversityMask2.jpg?resize=350%2C200 1x, https:\/\/i0.wp.com\/caials.blog.pangea.org\/files\/2014\/08\/GeorgeSpiva_diversityMask2.jpg?resize=525%2C300 1.5x"},"classes":[]}],"_links":{"self":[{"href":"https:\/\/caials.blog.pangea.org\/es\/wp-json\/wp\/v2\/pages\/2","targetHints":{"allow":["GET"]}}],"collection":[{"href":"https:\/\/caials.blog.pangea.org\/es\/wp-json\/wp\/v2\/pages"}],"about":[{"href":"https:\/\/caials.blog.pangea.org\/es\/wp-json\/wp\/v2\/types\/page"}],"author":[{"embeddable":true,"href":"https:\/\/caials.blog.pangea.org\/es\/wp-json\/wp\/v2\/users\/2457"}],"replies":[{"embeddable":true,"href":"https:\/\/caials.blog.pangea.org\/es\/wp-json\/wp\/v2\/comments?post=2"}],"version-history":[{"count":41,"href":"https:\/\/caials.blog.pangea.org\/es\/wp-json\/wp\/v2\/pages\/2\/revisions"}],"predecessor-version":[{"id":235,"href":"https:\/\/caials.blog.pangea.org\/es\/wp-json\/wp\/v2\/pages\/2\/revisions\/235"}],"wp:featuredmedia":[{"embeddable":true,"href":"https:\/\/caials.blog.pangea.org\/es\/wp-json\/wp\/v2\/media\/61"}],"wp:attachment":[{"href":"https:\/\/caials.blog.pangea.org\/es\/wp-json\/wp\/v2\/media?parent=2"}],"curies":[{"name":"wp","href":"https:\/\/api.w.org\/{rel}","templated":true}]}}