{"id":56,"date":"2014-08-06T07:58:08","date_gmt":"2014-08-06T07:58:08","guid":{"rendered":"http:\/\/caials.blog.pangea.org\/?page_id=56"},"modified":"2014-09-25T12:10:53","modified_gmt":"2014-09-25T12:10:53","slug":"perque-caials","status":"publish","type":"page","link":"https:\/\/caials.blog.pangea.org\/es\/perque-caials\/","title":{"rendered":"Por qu\u00e9 Caials"},"content":{"rendered":"<p><\/p>\n<p><strong><a href=\"https:\/\/www.flickr.com\/photos\/spivaartworkers\/8750275571\" target=\"_blank\"><img data-recalc-dims=\"1\" loading=\"lazy\" decoding=\"async\" data-attachment-id=\"145\" data-permalink=\"https:\/\/caials.blog.pangea.org\/es\/perque-caials\/georgespiva_diversitymask2\/\" data-orig-file=\"https:\/\/i0.wp.com\/caials.blog.pangea.org\/files\/2014\/08\/GeorgeSpiva_diversityMask2.jpg?fit=640%2C427&amp;ssl=1\" data-orig-size=\"640,427\" data-comments-opened=\"1\" data-image-meta=\"{&quot;aperture&quot;:&quot;0&quot;,&quot;credit&quot;:&quot;&quot;,&quot;camera&quot;:&quot;&quot;,&quot;caption&quot;:&quot;&quot;,&quot;created_timestamp&quot;:&quot;0&quot;,&quot;copyright&quot;:&quot;&quot;,&quot;focal_length&quot;:&quot;0&quot;,&quot;iso&quot;:&quot;0&quot;,&quot;shutter_speed&quot;:&quot;0&quot;,&quot;title&quot;:&quot;&quot;}\" data-image-title=\"GeorgeSpiva_diversityMask2\" data-image-description=\"\" data-image-caption=\"\" data-medium-file=\"https:\/\/i0.wp.com\/caials.blog.pangea.org\/files\/2014\/08\/GeorgeSpiva_diversityMask2.jpg?fit=300%2C200&amp;ssl=1\" data-large-file=\"https:\/\/i0.wp.com\/caials.blog.pangea.org\/files\/2014\/08\/GeorgeSpiva_diversityMask2.jpg?fit=530%2C354&amp;ssl=1\" class=\"alignleft size-full wp-image-145\" src=\"https:\/\/i0.wp.com\/caials.blog.pangea.org\/files\/2014\/08\/GeorgeSpiva_diversityMask2.jpg?resize=530%2C354\" alt=\"GeorgeSpiva_diversityMask2\" width=\"530\" height=\"354\" srcset=\"https:\/\/i0.wp.com\/caials.blog.pangea.org\/files\/2014\/08\/GeorgeSpiva_diversityMask2.jpg?w=640&amp;ssl=1 640w, https:\/\/i0.wp.com\/caials.blog.pangea.org\/files\/2014\/08\/GeorgeSpiva_diversityMask2.jpg?resize=300%2C200&amp;ssl=1 300w\" sizes=\"auto, (max-width: 530px) 100vw, 530px\" \/><\/a><\/strong>Instituciones, empresas y entidades se mueven, cada vez m\u00e1s, en un <span style=\"color: #ff6600\"><strong>contexto cambiante y flexible<\/strong>. <span style=\"color: #000000\">La crisis global que vivimos <\/span><\/span>afecta<span style=\"color: #000000\"> a las posibilidades de acceso a los recursos humanos y econ\u00f3micos (tambi\u00e9n a su disponibilidad y coste) y a la organizaci\u00f3n laboral.<\/span><\/p>\n<p>Pero la crisis tambi\u00e9n puede ser una oportunidad para transformar y transformarnos, dando un giro a la cultura de trabajo, la organizac<span style=\"color: #000000\">i\u00f3n social y las prioridades colectivas y personales. Y puede<\/span> ser, tambi\u00e9n, una <span style=\"color: #ff6600\"><strong>oportunidad para establecer alianzas diversas y enriquecedoras entre profesionales y organizaciones<\/strong>.<\/span><\/p>\n<p><strong>Relaciones de colaboraci\u00f3n como la que ofrece Caials, con un esp\u00edritu de aprendizaje mutuo, colaborativo, horizontal y participativo, siempre desde una perspectiva de b\u00fasqueda de la equidad y el bien com\u00fan, sea cu\u00e1l sea nuestro \u00e1mbito de trabajo. <\/strong><\/p>\n<p>Hagamos un salto adelante hacia comunidades justas e inclusivas, centradas en el buen vivir de todas las personas.<\/p>\n<p>&nbsp;<\/p>\n<h5><strong><span style=\"color: #ff6600\">Del nacimiento de Caials. Qui\u00e9n es Caials<\/span><\/strong><\/h5>\n<p><a href=\"https:\/\/www.flickr.com\/photos\/49889874@N05\/8633197974\" target=\"_blank\"><img data-recalc-dims=\"1\" loading=\"lazy\" decoding=\"async\" data-attachment-id=\"61\" data-permalink=\"https:\/\/caials.blog.pangea.org\/es\/perque-caials\/diversity_unique\/\" data-orig-file=\"https:\/\/i0.wp.com\/caials.blog.pangea.org\/files\/2014\/08\/Diversity_unique.jpg?fit=640%2C640&amp;ssl=1\" data-orig-size=\"640,640\" data-comments-opened=\"1\" data-image-meta=\"{&quot;aperture&quot;:&quot;0&quot;,&quot;credit&quot;:&quot;&quot;,&quot;camera&quot;:&quot;&quot;,&quot;caption&quot;:&quot;&quot;,&quot;created_timestamp&quot;:&quot;0&quot;,&quot;copyright&quot;:&quot;&quot;,&quot;focal_length&quot;:&quot;0&quot;,&quot;iso&quot;:&quot;0&quot;,&quot;shutter_speed&quot;:&quot;0&quot;,&quot;title&quot;:&quot;&quot;}\" data-image-title=\"Diversity_unique\" data-image-description=\"\" data-image-caption=\"\" data-medium-file=\"https:\/\/i0.wp.com\/caials.blog.pangea.org\/files\/2014\/08\/Diversity_unique.jpg?fit=300%2C300&amp;ssl=1\" data-large-file=\"https:\/\/i0.wp.com\/caials.blog.pangea.org\/files\/2014\/08\/Diversity_unique.jpg?fit=530%2C530&amp;ssl=1\" class=\"alignright  wp-image-61\" src=\"https:\/\/i0.wp.com\/caials.blog.pangea.org\/files\/2014\/08\/Diversity_unique.jpg?resize=339%2C339\" alt=\"Diversity_unique\" width=\"339\" height=\"339\" srcset=\"https:\/\/i0.wp.com\/caials.blog.pangea.org\/files\/2014\/08\/Diversity_unique.jpg?w=640&amp;ssl=1 640w, https:\/\/i0.wp.com\/caials.blog.pangea.org\/files\/2014\/08\/Diversity_unique.jpg?resize=150%2C150&amp;ssl=1 150w, https:\/\/i0.wp.com\/caials.blog.pangea.org\/files\/2014\/08\/Diversity_unique.jpg?resize=300%2C300&amp;ssl=1 300w, https:\/\/i0.wp.com\/caials.blog.pangea.org\/files\/2014\/08\/Diversity_unique.jpg?resize=50%2C50&amp;ssl=1 50w\" sizes=\"auto, (max-width: 339px) 100vw, 339px\" \/><\/a>El actual <span style=\"color: #ff6600\"><strong>Caials<\/strong><\/span> nace del deseo de su <strong>actual<\/strong>\u00a0<strong>promotora<\/strong>, <a href=\"http:\/\/es.linkedin.com\/in\/betlemcanizarbel\/\" target=\"_blank\">Betlem Ca\u00f1izar Bel<\/a>, de poner en pr\u00e1ctica en proyectos diversos las experiencias y conocimientos acumulados en sus \u00e1mbitos de trabajo y participaci\u00f3n y, especialmente, en Ca la Dona. Tambi\u00e9n, de su necesidad de nuevos aprendizajes.<\/p>\n<p>Y nace tambi\u00e9n cuando <span style=\"color: #ff6600\"><a href=\"es.linkedin.com\/pub\/maria-moron\/6b\/20a\/129\" target=\"_blank\">Maria Moron Martin<\/a>,<\/span> investigadora y formadora con m\u00e1s de 30 a\u00f1os de experiencia, y fundadora de Caials Estudis S.L., consultor\u00eda especializada en investigaci\u00f3n y formaci\u00f3n, decide traspasar su legado a Betlem, para que \u00e9sta se lo pueda apropiar -si, has le\u00eddo bien: para que pueda hac\u00e9rselo propio y darle el car\u00e1cter que se adecua a la actual etapa de Caials.<\/p>\n<p>Fotos: <a href=\"https:\/\/www.flickr.com\/photos\/spivaartworkers\/8750275571\" target=\"_blank\">George\u00a0A. Spiva Center for the Arts<\/a>\u00a0| <a href=\"https:\/\/www.flickr.com\/photos\/49889874@N05\/8633197974\" target=\"_blank\">Marc Falardeau<\/a><\/p>\n<p><\/p>","protected":false},"excerpt":{"rendered":"<p>Instituciones, empresas y entidades se mueven, cada vez m\u00e1s, en un contexto cambiante y flexible. La crisis global que vivimos afecta a las posibilidades de acceso a los recursos humanos y econ\u00f3micos (tambi\u00e9n a su disponibilidad y coste) y a <a class=\"more-link\" href=\"https:\/\/caials.blog.pangea.org\/es\/perque-caials\/\">Seguir leyendo <span class=\"screen-reader-text\">  Por qu\u00e9 Caials<\/span><span class=\"meta-nav\">&rarr;<\/span><\/a><\/p>\n","protected":false},"author":2457,"featured_media":0,"parent":0,"menu_order":0,"comment_status":"open","ping_status":"open","template":"","meta":{"jetpack_post_was_ever_published":false,"footnotes":""},"class_list":["post-56","page","type-page","status-publish","hentry"],"jetpack_shortlink":"https:\/\/wp.me\/P4TQKH-U","jetpack_sharing_enabled":true,"jetpack-related-posts":[{"id":2,"url":"https:\/\/caials.blog.pangea.org\/es\/caials\/","url_meta":{"origin":56,"position":0},"title":"Servicios","author":"caials","date":"11 de junio de 2014","format":false,"excerpt":"Suport a organitzacions i professionals L'equitat com a centre de la mirada, tamb\u00e9 en l'\u00e0mbit professional Caials ofereix serveis personalitzats per al desenvolupament de projectes, adaptats a les teves necessitats. Es tracta de serveis a professionals, associacions, empreses i institucions,\u00a0marcats per una perspectiva i una manera de fer que intenta,\u2026","rel":"","context":"Entrada similar","block_context":{"text":"Entrada similar","link":""},"img":{"alt_text":"","src":"https:\/\/i0.wp.com\/caials.blog.pangea.org\/files\/2014\/08\/Diversity_unique.jpg?fit=640%2C640&ssl=1&resize=350%2C200","width":350,"height":200,"srcset":"https:\/\/i0.wp.com\/caials.blog.pangea.org\/files\/2014\/08\/Diversity_unique.jpg?fit=640%2C640&ssl=1&resize=350%2C200 1x, https:\/\/i0.wp.com\/caials.blog.pangea.org\/files\/2014\/08\/Diversity_unique.jpg?fit=640%2C640&ssl=1&resize=525%2C300 1.5x"},"classes":[]},{"id":123,"url":"https:\/\/caials.blog.pangea.org\/es\/","url_meta":{"origin":56,"position":1},"title":"Experiencia","author":"caials","date":"30 de agosto de 2014","format":false,"excerpt":"Disculpa, pero esta entrada est\u00e1 disponible s\u00f3lo en Catal\u00e0.","rel":"","context":"Con 2 comentarios","block_context":{"text":"Con 2 comentarios","link":"https:\/\/caials.blog.pangea.org\/es\/#comments"},"img":{"alt_text":"Taula Rodona Entrepobles","src":"https:\/\/i0.wp.com\/caials.blog.pangea.org\/files\/2014\/08\/FotoaEntrepobles2013_2.jpg?resize=350%2C200","width":350,"height":200},"classes":[]}],"_links":{"self":[{"href":"https:\/\/caials.blog.pangea.org\/es\/wp-json\/wp\/v2\/pages\/56","targetHints":{"allow":["GET"]}}],"collection":[{"href":"https:\/\/caials.blog.pangea.org\/es\/wp-json\/wp\/v2\/pages"}],"about":[{"href":"https:\/\/caials.blog.pangea.org\/es\/wp-json\/wp\/v2\/types\/page"}],"author":[{"embeddable":true,"href":"https:\/\/caials.blog.pangea.org\/es\/wp-json\/wp\/v2\/users\/2457"}],"replies":[{"embeddable":true,"href":"https:\/\/caials.blog.pangea.org\/es\/wp-json\/wp\/v2\/comments?post=56"}],"version-history":[{"count":25,"href":"https:\/\/caials.blog.pangea.org\/es\/wp-json\/wp\/v2\/pages\/56\/revisions"}],"predecessor-version":[{"id":237,"href":"https:\/\/caials.blog.pangea.org\/es\/wp-json\/wp\/v2\/pages\/56\/revisions\/237"}],"wp:attachment":[{"href":"https:\/\/caials.blog.pangea.org\/es\/wp-json\/wp\/v2\/media?parent=56"}],"curies":[{"name":"wp","href":"https:\/\/api.w.org\/{rel}","templated":true}]}}